{"id":581,"date":"2021-09-02T00:56:28","date_gmt":"2021-09-02T00:56:28","guid":{"rendered":"https:\/\/www.hospitaltrelew.chubut.gov.ar\/?page_id=581"},"modified":"2023-09-14T15:24:53","modified_gmt":"2023-09-14T15:24:53","slug":"asociacion-cooperadora","status":"publish","type":"page","link":"http:\/\/www.hospitaltrelew.chubut.gov.ar\/?page_id=581","title":{"rendered":"Asociaci\u00f3n Cooperadora"},"content":{"rendered":"\n<figure class=\"wp-block-table\"><table><tbody><tr><td><img decoding=\"async\" src=\"https:\/\/lh4.googleusercontent.com\/9e5npvj_rCp-uzvpG8ZOhEWM3zv5nplQ4eo1aaQc7NvheHQ27uScTfM5QoWDEv_VLVa0ziXBkLLuuHpwm9nl-t70zjWHSIjZfVBW3-eM9HO0aaIoaTIVAE5fO5aJbLsE0mXy0o991P081_Hi_9dyIXJe5z7MtKyYbiPVdXSWj7Er9jmNQKg7pMHK6cAN8g=s0\" width=\"141\" height=\"131\"><strong><\/strong><\/td><td><br><strong>La Asociaci\u00f3n Cooperadora trabaja para contribuir en&nbsp;la prestaci\u00f3n de servicios a sus pacientes y familiares mediante&nbsp;la generaci\u00f3n de recursos necesarios destinados a mejorar el desempe\u00f1o de las tareas que realizan m\u00e9dicos y dem\u00e1s integrantes del equipo de salud.<\/strong><\/td><\/tr><\/tbody><\/table><\/figure>\n\n\n\n<p><strong>ANTECEDENTES<\/strong><\/p>\n\n\n\n<p>La Asociaci\u00f3n Cooperadora nace en diciembre de 1966, cuando un grupo de personas solidarias decidi\u00f3 reunirse y hacer algo por las personas que se atienden en el Hospital P\u00fablico.<\/p>\n\n\n\n<p>La primera comisi\u00f3n tuvo como presidente al Dr. Juan Viglione (registrado en&nbsp; N\u00b0 1 de la entidad).<\/p>\n\n\n\n<p>Desde entonces sus integrantes se esfuerzan y dedican &nbsp;a colaborar con el&nbsp;trabajo del Hospital en pos de la mejora creciente en los servicios de atenci\u00f3n a la comunidad.<\/p>\n\n\n\n<p><strong>PROPOSITO<\/strong><\/p>\n\n\n\n<p>Interpretar y expresar las aspiraciones de la comunidad antes las autoridades del Hospital Zonal para la consecuci\u00f3n del m\u00e1ximo bienestar de las personas que acuden al mismo, contribuyendo en las tareas que realiza la instituci\u00f3n con el esfuerzo personal de los miembros de la Asociaci\u00f3n.<\/p>\n\n\n\n<p>La Asociaci\u00f3n Cooperadora&nbsp;se propone de esta forma contribuir a que el Hospital cuente con un servicio de salud que garantice&nbsp;atenci\u00f3n m\u00e9dica y social a cada persona que se acerque, mediante la disponibilidad de recursos&nbsp;materiales y&nbsp;servicios eficientes.<\/p>\n\n\n\n<p>Para el cumplimiento de las finalidades enunciadas realiza numerosas actividades para recaudar fondos.<\/p>\n\n\n\n<p>En la actualidad cuenta con 170 socios.<\/p>\n\n\n\n<p><strong>NUESTROS VALORES<\/strong><\/p>\n\n\n\n<p>Compromiso con la salud.<br>Vocaci\u00f3n de servicio.<br>Proactividad para r\u00e1pida&nbsp;resoluci\u00f3n de solicitudes.<br>Responsabilidad con la que pensamos y hacemos nuestra labor.<br>Transparencia de gesti\u00f3n.<br>Trabajo en equipo.<\/p>\n\n\n\n<p><strong>+ ESTATUTO<\/strong> <\/p>\n\n\n\n<p>Presidente: Ana Mar\u00eda Chasco<\/p>\n\n\n\n<p>Vicepresidente: Raquel Vence<\/p>\n\n\n\n<p>Secretaria: Alicia Camacho<\/p>\n\n\n\n<p>Prosecretaria: Patricia Valencia<\/p>\n\n\n\n<p>Tesorera: Silvia Jones<\/p>\n\n\n\n<p>Prosecretaria: Mar\u00eda Cecilia Rey<\/p>\n\n\n\n<p>Vocales Titulares: Dra. Mariela Gonz\u00e1lez, Lic. Sara Montesino y Mar\u00eda Amalia Bustos.<\/p>\n\n\n\n<p>Vocales Suplentes: Ginete Del Carmen Flores Silva, Gloria Susana Gonz\u00e1lez De Quevedo y Mar\u00eda Liliana Alvarez<\/p>\n\n\n\n<p>Revisores de Cuentas: Luc\u00eda Vallejo y Lidia Saigg.<\/p>\n\n\n\n<p><strong>DIAS Y HORARIOS DE LA REUNIONES<\/strong><\/p>\n\n\n\n<p>D\u00edas: Mi\u00e9rcoles de 10 a 12 hs.&nbsp;<\/p>\n\n\n\n<p><strong>CONTACTO<\/strong><\/p>\n\n\n\n<p>Tel 0280-4377890<\/p>\n\n\n\n<p>coophospitalztw@hotmail.com<\/p>\n\n\n\n<p>28 de Julio 434, 1\u00aa PISO&nbsp; Edificio Central. Trelew Chubut<\/p>\n","protected":false},"excerpt":{"rendered":"<p>La Asociaci\u00f3n Cooperadora trabaja para contribuir en&nbsp;la prestaci\u00f3n de servicios a sus pacientes y familiares mediante&nbsp;la generaci\u00f3n de recursos necesarios destinados a mejorar el desempe\u00f1o de las tareas que realizan m\u00e9dicos y dem\u00e1s integrantes del equipo de salud. ANTECEDENTES La Asociaci\u00f3n Cooperadora nace en diciembre de 1966, cuando un grupo de personas solidarias decidi\u00f3 reunirse [&hellip;]<\/p>\n","protected":false},"author":1,"featured_media":0,"parent":0,"menu_order":0,"comment_status":"closed","ping_status":"closed","template":"","meta":{"footnotes":""},"class_list":["post-581","page","type-page","status-publish","hentry","post"],"_links":{"self":[{"href":"http:\/\/www.hospitaltrelew.chubut.gov.ar\/index.php?rest_route=\/wp\/v2\/pages\/581","targetHints":{"allow":["GET"]}}],"collection":[{"href":"http:\/\/www.hospitaltrelew.chubut.gov.ar\/index.php?rest_route=\/wp\/v2\/pages"}],"about":[{"href":"http:\/\/www.hospitaltrelew.chubut.gov.ar\/index.php?rest_route=\/wp\/v2\/types\/page"}],"author":[{"embeddable":true,"href":"http:\/\/www.hospitaltrelew.chubut.gov.ar\/index.php?rest_route=\/wp\/v2\/users\/1"}],"replies":[{"embeddable":true,"href":"http:\/\/www.hospitaltrelew.chubut.gov.ar\/index.php?rest_route=%2Fwp%2Fv2%2Fcomments&post=581"}],"version-history":[{"count":10,"href":"http:\/\/www.hospitaltrelew.chubut.gov.ar\/index.php?rest_route=\/wp\/v2\/pages\/581\/revisions"}],"predecessor-version":[{"id":1143,"href":"http:\/\/www.hospitaltrelew.chubut.gov.ar\/index.php?rest_route=\/wp\/v2\/pages\/581\/revisions\/1143"}],"wp:attachment":[{"href":"http:\/\/www.hospitaltrelew.chubut.gov.ar\/index.php?rest_route=%2Fwp%2Fv2%2Fmedia&parent=581"}],"curies":[{"name":"wp","href":"https:\/\/api.w.org\/{rel}","templated":true}]}}